{"id":286,"date":"2016-10-31T13:17:59","date_gmt":"2016-10-31T16:17:59","guid":{"rendered":"https:\/\/esbaviola-cba.infd.edu.ar\/sitio\/?page_id=286"},"modified":"2022-05-10T11:49:01","modified_gmt":"2022-05-10T14:49:01","slug":"inicio","status":"publish","type":"page","link":"https:\/\/esbaviola-cba.infd.edu.ar\/sitio\/","title":{"rendered":"Inicio"},"content":{"rendered":"<div id=\"metaslider-id-403\" style=\"width: 100%;\" class=\"ml-slider-3-33-0 metaslider metaslider-flex metaslider-403 ml-slider ms-theme-default\" role=\"region\" aria-roledescription=\"Slideshow\" aria-label=\"Slideshow\">\n    <div id=\"metaslider_container_403\">\n        <div id=\"metaslider_403\" class=\"flexslider\">\n            <ul aria-live=\"polite\" class=\"slides\">\n                <li style=\"display: block; width: 100%;\" class=\"slide-607 ms-image\" aria-roledescription=\"slide\" aria-label=\"slide-607\"><a href=\"https:\/\/mapa.infd.edu.ar\/\" target=\"_blank\"><img src=\"https:\/\/esbaviola-cba.infd.edu.ar\/sitio\/wp-content\/uploads\/2018\/06\/mapa_infd6-1100x200.png\" height=\"200\" width=\"1100\" alt=\"\" class=\"slider-403 slide-607\" title=\"mapa_infd6\" \/><\/a><\/li>\n                <li style=\"display: none; width: 100%;\" class=\"slide-609 ms-image\" aria-roledescription=\"slide\" aria-label=\"slide-609\"><a href=\"https:\/\/www.argentina.gob.ar\/educacion\/becas\" target=\"_blank\"><img src=\"https:\/\/esbaviola-cba.infd.edu.ar\/sitio\/wp-content\/uploads\/2018\/06\/becas7-1100x200.png\" height=\"200\" width=\"1100\" alt=\"\" class=\"slider-403 slide-609\" title=\"becas7\" \/><\/a><\/li>\n                <li style=\"display: none; width: 100%;\" class=\"slide-635 ms-image\" aria-roledescription=\"slide\" aria-label=\"slide-635\"><a href=\"https:\/\/www.argentina.gob.ar\/tema\/estudiar\/formacion-docencia\" target=\"_blank\"><img src=\"https:\/\/esbaviola-cba.infd.edu.ar\/sitio\/wp-content\/uploads\/2018\/06\/convocatorias_slide6-1-1100x200.png\" height=\"200\" width=\"1100\" alt=\"\" class=\"slider-403 slide-635\" title=\"convocatorias_slide6-1\" \/><\/a><\/li>\n            <\/ul>\n        <\/div>\n        \n    <\/div>\n<\/div>\n<p style=\"text-align: center;\"><span style=\"font-size: 18pt;\"><strong>Escuela\u00a0Superior de Bellas Artes <\/strong><\/span><\/p>\n<p style=\"text-align: center;\"><span style=\"font-size: 14pt;\"><strong><span style=\"font-size: 18pt;\">Roberto Viola<\/span><\/strong><\/span><\/p>\n<p style=\"text-align: center;\"><span style=\"font-size: 12pt;\">Cruz del Eje<\/span><\/p>\n<p style=\"text-align: center;\"><span style=\"font-size: 14pt;\"><strong><span style=\"font-family: 'Arial','sans-serif'; color: #333333;\">1957 &#8211; 2022<\/span><\/strong><\/span><\/p>\n<p style=\"text-align: center;\">\u00a0<\/p>\n<p style=\"text-align: center;\">\u00a0<\/p>\n<p style=\"text-align: center;\"><span style=\"font-family: verdana,geneva;\">\u00a0<\/span>\u00a0<!--more--><img decoding=\"async\" loading=\"lazy\" class=\"alignnone  wp-image-885\" src=\"https:\/\/esbaviola-cba.infd.edu.ar\/sitio\/wp-content\/uploads\/2022\/05\/WhatsApp-Image-2021-11-23-at-12.44.35-1-1000x1000.jpeg\" alt=\"\" width=\"699\" height=\"699\" srcset=\"https:\/\/esbaviola-cba.infd.edu.ar\/sitio\/wp-content\/uploads\/2022\/05\/WhatsApp-Image-2021-11-23-at-12.44.35-1-1000x1000.jpeg 1000w, https:\/\/esbaviola-cba.infd.edu.ar\/sitio\/wp-content\/uploads\/2022\/05\/WhatsApp-Image-2021-11-23-at-12.44.35-1-500x500.jpeg 500w, https:\/\/esbaviola-cba.infd.edu.ar\/sitio\/wp-content\/uploads\/2022\/05\/WhatsApp-Image-2021-11-23-at-12.44.35-1-768x768.jpeg 768w, https:\/\/esbaviola-cba.infd.edu.ar\/sitio\/wp-content\/uploads\/2022\/05\/WhatsApp-Image-2021-11-23-at-12.44.35-1.jpeg 1080w\" sizes=\"(max-width: 699px) 100vw, 699px\" \/><\/p>\n<p>&nbsp;<\/p>\n<p>&nbsp;<\/p>\n<p style=\"text-align: justify;\">La Escuela Superior de Bellas Artes \u201cRoberto Viola\u201d se constituye en un centro educativo de mucha importancia, por su trayectoria de 60 a\u00f1os afianzando un fuerte perfil en la Educaci\u00f3n Art\u00edstica Espec\u00edfica, Formaci\u00f3n Docente en Artes Visuales y Formaci\u00f3n T\u00e9cnico Profesional en Artes Visuales y Dise\u00f1o.<\/p>\n<p style=\"text-align: justify;\">\u00a0<\/p>\n<p style=\"text-align: justify;\">\u00a0<\/p>\n<p style=\"text-align: justify;\">\u00a0<\/p>\n<p style=\"text-align: justify;\">\u00a0<\/p>\n<p style=\"text-align: justify;\">\u00a0<\/p>\n<p style=\"text-align: justify;\">\u00a0<\/p>\n","protected":false},"excerpt":{"rendered":"<p>Escuela\u00a0Superior de Bellas Artes Roberto Viola Cruz del Eje 1957 &#8211; 2022 \u00a0 \u00a0 \u00a0\u00a0<\/p>\n","protected":false},"author":1,"featured_media":0,"parent":0,"menu_order":0,"comment_status":"closed","ping_status":"closed","template":"","meta":[],"acf":[],"_links":{"self":[{"href":"https:\/\/esbaviola-cba.infd.edu.ar\/sitio\/wp-json\/wp\/v2\/pages\/286"}],"collection":[{"href":"https:\/\/esbaviola-cba.infd.edu.ar\/sitio\/wp-json\/wp\/v2\/pages"}],"about":[{"href":"https:\/\/esbaviola-cba.infd.edu.ar\/sitio\/wp-json\/wp\/v2\/types\/page"}],"author":[{"embeddable":true,"href":"https:\/\/esbaviola-cba.infd.edu.ar\/sitio\/wp-json\/wp\/v2\/users\/1"}],"replies":[{"embeddable":true,"href":"https:\/\/esbaviola-cba.infd.edu.ar\/sitio\/wp-json\/wp\/v2\/comments?post=286"}],"version-history":[{"count":76,"href":"https:\/\/esbaviola-cba.infd.edu.ar\/sitio\/wp-json\/wp\/v2\/pages\/286\/revisions"}],"predecessor-version":[{"id":887,"href":"https:\/\/esbaviola-cba.infd.edu.ar\/sitio\/wp-json\/wp\/v2\/pages\/286\/revisions\/887"}],"wp:attachment":[{"href":"https:\/\/esbaviola-cba.infd.edu.ar\/sitio\/wp-json\/wp\/v2\/media?parent=286"}],"curies":[{"name":"wp","href":"https:\/\/api.w.org\/{rel}","templated":true}]}}